{"id":10,"date":"2020-04-08T07:54:15","date_gmt":"2020-04-08T07:54:15","guid":{"rendered":"https:\/\/development.towd.net\/mw\/?page_id=10"},"modified":"2025-10-19T16:30:07","modified_gmt":"2025-10-19T16:30:07","slug":"foreclosure","status":"publish","type":"page","link":"https:\/\/www.mediatewisconsin.org\/es\/foreclosure\/","title":{"rendered":"Juicio hipotecario"},"content":{"rendered":"<p style=\"text-align: center;\"><span style=\"color: #0000ff;\">Tenga en cuenta: este programa ahora solo est\u00e1 disponible en los condados administrados a trav\u00e9s de <\/span><br \/>\n<span style=\"color: #0000ff;\">el Centro de Resoluci\u00f3n de Conflictos de Winnebago y los Servicios de Mediaci\u00f3n del Oeste de Wisconsin.<\/span><\/p>\n<p>La mediaci\u00f3n de ejecuciones hipotecarias ayuda a los propietarios que enfrentan una ejecuci\u00f3n hipotecaria a trabajar con sus compa\u00f1\u00edas hipotecarias a trav\u00e9s de la ayuda de un mediador. El mediador es un profesional que comprende el proceso de revisi\u00f3n de modificaciones de pr\u00e9stamos de las compa\u00f1\u00edas hipotecarias y que est\u00e1 capacitado para mejorar la comunicaci\u00f3n entre las partes. El mediador les ayuda a explorar opciones para permitir que el propietario se quede con la propiedad o planifique una estrategia de salida respetable.<\/p>\n<p>Los propietarios de viviendas que hayan recibido citaciones de ejecuci\u00f3n hipotecaria pueden presentar una solicitud. El propietario debe vivir en la propiedad o poseerla como propiedad de alquiler (siempre que haya cuatro (4) o menos unidades en la propiedad). La propiedad no puede ser una casa de vacaciones y el propietario no puede estar en quiebra.<\/p>\n<p>Tanto los propietarios de viviendas como las compa\u00f1\u00edas hipotecarias pagan una tarifa fija por el proceso. Las tarifas var\u00edan seg\u00fan el condado. Ingrese su c\u00f3digo postal en el cuadro de b\u00fasqueda a continuaci\u00f3n y ser\u00e1 redirigido a los formularios correspondientes para completar.<\/p>\n<div class=\"row\">\n<div class=\"col-sm-2 col-sm-offset-5 zip-code-form\" style=\"text-align: center;\"><\/div>\n<\/div>","protected":false},"excerpt":{"rendered":"<p>Tenga en cuenta: este programa ahora solo est\u00e1 disponible en los condados administrados a trav\u00e9s del Centro de resoluci\u00f3n de conflictos de Winnebago y el oeste de Wisconsin\u2026<\/p>","protected":false},"author":3,"featured_media":0,"parent":0,"menu_order":0,"comment_status":"closed","ping_status":"closed","template":"","meta":{"_acf_changed":false,"footnotes":""},"class_list":["post-10","page","type-page","status-publish","hentry"],"acf":[],"_links":{"self":[{"href":"https:\/\/www.mediatewisconsin.org\/es\/wp-json\/wp\/v2\/pages\/10","targetHints":{"allow":["GET"]}}],"collection":[{"href":"https:\/\/www.mediatewisconsin.org\/es\/wp-json\/wp\/v2\/pages"}],"about":[{"href":"https:\/\/www.mediatewisconsin.org\/es\/wp-json\/wp\/v2\/types\/page"}],"author":[{"embeddable":true,"href":"https:\/\/www.mediatewisconsin.org\/es\/wp-json\/wp\/v2\/users\/3"}],"replies":[{"embeddable":true,"href":"https:\/\/www.mediatewisconsin.org\/es\/wp-json\/wp\/v2\/comments?post=10"}],"version-history":[{"count":29,"href":"https:\/\/www.mediatewisconsin.org\/es\/wp-json\/wp\/v2\/pages\/10\/revisions"}],"predecessor-version":[{"id":605,"href":"https:\/\/www.mediatewisconsin.org\/es\/wp-json\/wp\/v2\/pages\/10\/revisions\/605"}],"wp:attachment":[{"href":"https:\/\/www.mediatewisconsin.org\/es\/wp-json\/wp\/v2\/media?parent=10"}],"curies":[{"name":"gracias","href":"https:\/\/api.w.org\/{rel}","templated":true}]}}