{"id":162,"date":"2020-04-30T16:40:44","date_gmt":"2020-04-30T16:40:44","guid":{"rendered":"https:\/\/development.towd.net\/mw\/?page_id=162"},"modified":"2024-09-20T19:17:57","modified_gmt":"2024-09-20T19:17:57","slug":"independent","status":"publish","type":"page","link":"https:\/\/www.mediatewisconsin.org\/es\/independent\/","title":{"rendered":"Condados independientes"},"content":{"rendered":"<p>Estos condados no est\u00e1n activos dentro de nuestro programa. Consulte a continuaci\u00f3n para obtener informaci\u00f3n sobre su condado espec\u00edfico.<\/p>\n<h3 class=\"mw-no-translate\" data-no-auto-translation=\"\">FOREST, ONEIDA AND VILAS COUNTIES<\/h3>\n<p><em><strong>Programa de mediaci\u00f3n de ejecuciones hipotecarias administrado de forma independiente<\/strong><\/em><br \/>\nComun\u00edquese con la Administraci\u00f3n del Programa de Mediaci\u00f3n de Ejecuciones Hipotecarias de Tri-County para obtener m\u00e1s informaci\u00f3n.<\/p>\n<p><strong>Programa de mediaci\u00f3n de ejecuciones hipotecarias de los tres condados<\/strong><br \/>\nPalacio de justicia del condado de Oneida<br \/>\nApartado de correos 400<br \/>\nRhinelander, WI 54501<\/p>\n<p><strong>Informaci\u00f3n del contacto:<\/strong><br \/>\nTel\u00e9fono (715) 369-6240<\/p>\n<p>&nbsp;<\/p>","protected":false},"excerpt":{"rendered":"<p>Estos condados no est\u00e1n activos dentro de nuestro programa. Mire a continuaci\u00f3n para obtener informaci\u00f3n sobre su condado espec\u00edfico. BOSQUE, ONEIDA Y\u2026<\/p>","protected":false},"author":3,"featured_media":0,"parent":0,"menu_order":0,"comment_status":"closed","ping_status":"closed","template":"","meta":{"_acf_changed":false,"footnotes":""},"class_list":["post-162","page","type-page","status-publish","hentry"],"acf":[],"_links":{"self":[{"href":"https:\/\/www.mediatewisconsin.org\/es\/wp-json\/wp\/v2\/pages\/162","targetHints":{"allow":["GET"]}}],"collection":[{"href":"https:\/\/www.mediatewisconsin.org\/es\/wp-json\/wp\/v2\/pages"}],"about":[{"href":"https:\/\/www.mediatewisconsin.org\/es\/wp-json\/wp\/v2\/types\/page"}],"author":[{"embeddable":true,"href":"https:\/\/www.mediatewisconsin.org\/es\/wp-json\/wp\/v2\/users\/3"}],"replies":[{"embeddable":true,"href":"https:\/\/www.mediatewisconsin.org\/es\/wp-json\/wp\/v2\/comments?post=162"}],"version-history":[{"count":6,"href":"https:\/\/www.mediatewisconsin.org\/es\/wp-json\/wp\/v2\/pages\/162\/revisions"}],"predecessor-version":[{"id":546,"href":"https:\/\/www.mediatewisconsin.org\/es\/wp-json\/wp\/v2\/pages\/162\/revisions\/546"}],"wp:attachment":[{"href":"https:\/\/www.mediatewisconsin.org\/es\/wp-json\/wp\/v2\/media?parent=162"}],"curies":[{"name":"gracias","href":"https:\/\/api.w.org\/{rel}","templated":true}]}}