{"id":17,"date":"2020-04-08T07:57:02","date_gmt":"2020-04-08T07:57:02","guid":{"rendered":"https:\/\/development.towd.net\/mw\/?page_id=17"},"modified":"2024-09-20T20:33:13","modified_gmt":"2024-09-20T20:33:13","slug":"home-page","status":"publish","type":"page","link":"https:\/\/www.mediatewisconsin.org\/es\/","title":{"rendered":"\u00bfQu\u00e9 es la mediaci\u00f3n?"},"content":{"rendered":"<p>Las mediaciones son reuniones privadas y confidenciales entre las partes involucradas en una disputa y un mediador imparcial que las ayuda a resolver sus diferencias para encontrar una soluci\u00f3n eficaz que todas las partes acepten. El equipo de Mediate Wisconsin comprende los conflictos entre inquilinos y propietarios y brinda asistencia a trav\u00e9s de servicios gratuitos. Nuestros mediadores son neutrales y no juzgan a las partes ni a la situaci\u00f3n. En lugar de decidir por las partes, nuestros mediadores les dan poder para trabajar juntas y encontrar soluciones que tengan sentido para ellas y sus circunstancias.<\/p>\n<h2>Inquilinos<\/h2>\n<p>\u00bfEs usted un inquilino del condado de Milwaukee que tiene problemas con el propietario o con la propiedad que alquila? \u00a1Has venido al lugar correcto! Los servicios de mediaci\u00f3n GRATUITOS de Mediate Wisconsin est\u00e1n dise\u00f1ados para ayudarlo a resolver cualquier disputa para encontrar una soluci\u00f3n efectiva. Nuestro equipo experimentado y compasivo ha ayudado a cientos de inquilinos de Milwaukee a evitar el desalojo a trav\u00e9s de nuestros servicios de mediaci\u00f3n y referencia de recursos. Ponte en contacto hoy. La mediaci\u00f3n es m\u00e1s efectiva cuanto antes ocurre. Si tiene un conflicto con su arrendador y necesita ayuda para encontrar una soluci\u00f3n, puede solicitar una reuni\u00f3n de mediaci\u00f3n o m\u00e1s informaci\u00f3n.<\/p>\n<h2>Propietarios<\/h2>\n<p>Mediate Wisconsin ofrece servicios de mediaci\u00f3n GRATUITOS para propietarios que tengan problemas con sus inquilinos. Los mediadores ayudan a encontrar soluciones efectivas que a menudo ahorran tiempo, dinero y dolores de cabeza a los propietarios. En lugar de pasar por la molestia de los tribunales, considere la mediaci\u00f3n para ayudarlo a identificar la mejor soluci\u00f3n para seguir adelante. P\u00f3ngase en contacto hoy mismo. La mediaci\u00f3n es m\u00e1s efectiva cuanto antes se lleva a cabo. Si tiene un conflicto con su inquilino y desea una soluci\u00f3n r\u00e1pida y sin complicaciones, comun\u00edquese con el equipo de Mediate Wisconsin solicitando una reuni\u00f3n de mediaci\u00f3n o m\u00e1s informaci\u00f3n.<\/p>","protected":false},"excerpt":{"rendered":"<p>Las mediaciones son reuniones privadas y confidenciales entre las partes involucradas en una disputa y un mediador imparcial que les ayuda a resolver\u2026<\/p>","protected":false},"author":3,"featured_media":0,"parent":0,"menu_order":0,"comment_status":"closed","ping_status":"closed","template":"","meta":{"_acf_changed":false,"footnotes":""},"class_list":["post-17","page","type-page","status-publish","hentry"],"acf":[],"_links":{"self":[{"href":"https:\/\/www.mediatewisconsin.org\/es\/wp-json\/wp\/v2\/pages\/17","targetHints":{"allow":["GET"]}}],"collection":[{"href":"https:\/\/www.mediatewisconsin.org\/es\/wp-json\/wp\/v2\/pages"}],"about":[{"href":"https:\/\/www.mediatewisconsin.org\/es\/wp-json\/wp\/v2\/types\/page"}],"author":[{"embeddable":true,"href":"https:\/\/www.mediatewisconsin.org\/es\/wp-json\/wp\/v2\/users\/3"}],"replies":[{"embeddable":true,"href":"https:\/\/www.mediatewisconsin.org\/es\/wp-json\/wp\/v2\/comments?post=17"}],"version-history":[{"count":21,"href":"https:\/\/www.mediatewisconsin.org\/es\/wp-json\/wp\/v2\/pages\/17\/revisions"}],"predecessor-version":[{"id":559,"href":"https:\/\/www.mediatewisconsin.org\/es\/wp-json\/wp\/v2\/pages\/17\/revisions\/559"}],"wp:attachment":[{"href":"https:\/\/www.mediatewisconsin.org\/es\/wp-json\/wp\/v2\/media?parent=17"}],"curies":[{"name":"gracias","href":"https:\/\/api.w.org\/{rel}","templated":true}]}}