{"id":185,"date":"2020-05-07T16:10:36","date_gmt":"2020-05-07T16:10:36","guid":{"rendered":"https:\/\/development.towd.net\/mw\/?page_id=185"},"modified":"2020-05-07T16:41:32","modified_gmt":"2020-05-07T16:41:32","slug":"western-district-of-wisconsin-bankruptcy","status":"publish","type":"page","link":"https:\/\/www.mediatewisconsin.org\/es\/western-district-of-wisconsin-bankruptcy\/","title":{"rendered":"Quiebra del Distrito Occidental de Wisconsin"},"content":{"rendered":"<p><span style=\"font-weight: 400;\">El Programa de Mediaci\u00f3n de Modificaci\u00f3n Hipotecaria en el Distrito Oeste de Wisconsin (MMMWD) <\/span><span style=\"font-weight: 400;\">ayuda<\/span><span style=\"font-weight: 400;\"> deudores calificados del Cap\u00edtulo 13 que viven en el <\/span><a href=\"https:\/\/www.wiwb.uscourts.gov\/jurisdictional-map\"><span style=\"font-weight: 400;\">Distrito Oeste<\/span><\/a><span style=\"font-weight: 400;\"> mantener sus hogares. Mediate Wisconsin administra este programa.\u00a0<\/span><\/p>\n<p><span style=\"font-weight: 400;\">Cualquier deudor del Cap\u00edtulo 13 que no pueda pagar su actual pago hipotecario, pero que tenga ingresos estables y pueda pagar un pago hipotecario modificado, est\u00e1 calificado para presentar una solicitud. MMMWD establece una reuni\u00f3n entre el deudor y el prestamista facilitada por un tercero, mediador imparcial para ayudar a ambas partes a discutir <\/span><span style=\"font-weight: 400;\">si una modificaci\u00f3n de hipoteca es<\/span><span style=\"font-weight: 400;\"> posible.\u00a0<\/span><\/p>\n<p><span style=\"font-weight: 400;\">Para iniciar el proceso, el abogado del deudor presenta una Moci\u00f3n para participar en MMMWD ante el Tribunal de Quiebras del Distrito Occidental. Visite la p\u00e1gina del Tribunal de Quiebras del Distrito Oeste aqu\u00ed <\/span><a href=\"https:\/\/www.wiwb.uscourts.gov\/chapter-13-mortgage-modification-mediation-program\"><span style=\"font-weight: 400;\">https:\/\/www.wiwb.uscourts.gov\/chapter-13-mortgage-modification-mediation-program<\/span><\/a><span style=\"font-weight: 400;\"> para obtener m\u00e1s informaci\u00f3n sobre c\u00f3mo iniciar el proceso.\u00a0\u00a0<\/span><\/p>\n<p><span style=\"font-weight: 400;\">Es fundamental que el abogado del deudor env\u00ede por correo electr\u00f3nico una copia de la Orden de mediaci\u00f3n de modificaci\u00f3n de hipoteca firmada a <\/span><a href=\"mailto:mmmclerk@mediatewisconsin.com\"><span style=\"font-weight: 400;\">mmmclerk@mediatewisconsin.com<\/span><\/a><span style=\"font-weight: 400;\"> para que el mediador pueda ser asignado de manera oportuna. Mediate Wisconsin no recibe ninguna otra notificaci\u00f3n cuando se emite la orden.<\/span><\/p>\n<p><span style=\"font-weight: 400;\">Para encontrar m\u00e1s informaci\u00f3n sobre el Programa de Mediaci\u00f3n de Modificaci\u00f3n Hipotecaria para el Tribunal de Quiebras del Distrito Este de Wisconsin aqu\u00ed. <\/span><a href=\"https:\/\/www.wieb.uscourts.gov\/mortgage-modification-mediation\"><span style=\"font-weight: 400;\">https:\/\/www.wieb.uscourts.gov\/mortgage-modification-mediation<\/span><\/a><\/p>","protected":false},"excerpt":{"rendered":"<p>El Programa de Mediaci\u00f3n de Modificaci\u00f3n Hipotecaria en el Distrito Oeste de Wisconsin (MMMWD) ayuda a los deudores calificados del Cap\u00edtulo 13 que viven en el...<\/p>","protected":false},"author":3,"featured_media":0,"parent":0,"menu_order":0,"comment_status":"closed","ping_status":"closed","template":"","meta":{"_acf_changed":false,"footnotes":""},"class_list":["post-185","page","type-page","status-publish","hentry"],"acf":[],"_links":{"self":[{"href":"https:\/\/www.mediatewisconsin.org\/es\/wp-json\/wp\/v2\/pages\/185","targetHints":{"allow":["GET"]}}],"collection":[{"href":"https:\/\/www.mediatewisconsin.org\/es\/wp-json\/wp\/v2\/pages"}],"about":[{"href":"https:\/\/www.mediatewisconsin.org\/es\/wp-json\/wp\/v2\/types\/page"}],"author":[{"embeddable":true,"href":"https:\/\/www.mediatewisconsin.org\/es\/wp-json\/wp\/v2\/users\/3"}],"replies":[{"embeddable":true,"href":"https:\/\/www.mediatewisconsin.org\/es\/wp-json\/wp\/v2\/comments?post=185"}],"version-history":[{"count":2,"href":"https:\/\/www.mediatewisconsin.org\/es\/wp-json\/wp\/v2\/pages\/185\/revisions"}],"predecessor-version":[{"id":206,"href":"https:\/\/www.mediatewisconsin.org\/es\/wp-json\/wp\/v2\/pages\/185\/revisions\/206"}],"wp:attachment":[{"href":"https:\/\/www.mediatewisconsin.org\/es\/wp-json\/wp\/v2\/media?parent=185"}],"curies":[{"name":"gracias","href":"https:\/\/api.w.org\/{rel}","templated":true}]}}