{"id":412,"date":"2020-09-22T07:50:42","date_gmt":"2020-09-22T07:50:42","guid":{"rendered":"https:\/\/www.mediatewisconsin.org\/?page_id=412"},"modified":"2020-09-22T07:53:44","modified_gmt":"2020-09-22T07:53:44","slug":"sitemap","status":"publish","type":"page","link":"https:\/\/www.mediatewisconsin.org\/es\/sitemap\/","title":{"rendered":"Mapa del sitio"},"content":{"rendered":"<div class=\"wsp-container\"><h2 class=\"wsp-pages-title\">Paginas<\/h2>\n<ul class=\"wsp-pages-list\">\n<li class=\"page_item page-item-12\"><a href=\"https:\/\/www.mediatewisconsin.org\/es\/about\/\">Acerca de<\/a><\/li>\n<li class=\"page_item page-item-418\"><a href=\"https:\/\/www.mediatewisconsin.org\/es\/contact\/\">Contacto Mediate Wisconsin<\/a><\/li>\n<li class=\"page_item page-item-10\"><a href=\"https:\/\/www.mediatewisconsin.org\/es\/foreclosure\/\">Juicio hipotecario<\/a><\/li>\n<li class=\"page_item page-item-162\"><a href=\"https:\/\/www.mediatewisconsin.org\/es\/independent\/\">Condados independientes<\/a><\/li>\n<li class=\"page_item page-item-95\"><a href=\"https:\/\/www.mediatewisconsin.org\/es\/application-for-mediation-landlord\/\">Propietario - Solicitud de mediaci\u00f3n<\/a><\/li>\n<li class=\"page_item page-item-8\"><a href=\"https:\/\/www.mediatewisconsin.org\/es\/landlords\/\">Propietarios<\/a><\/li>\n<li class=\"page_item page-item-137\"><a href=\"https:\/\/www.mediatewisconsin.org\/es\/milwaukee-madison-central-northeast-region\/\">Mediar Wisconsin<\/a><\/li>\n<li class=\"page_item page-item-14 current_page_parent\"><a href=\"https:\/\/www.mediatewisconsin.org\/es\/news\/\">Noticias<\/a><\/li>\n<li class=\"page_item page-item-150\"><a href=\"https:\/\/www.mediatewisconsin.org\/es\/northwest-region\/\">Mediaci\u00f3n del noroeste<\/a><\/li>\n<li class=\"page_item page-item-414\"><a href=\"https:\/\/www.mediatewisconsin.org\/es\/privacy\/\">Pol\u00edtica de privacidad<\/a><\/li>\n<li class=\"page_item page-item-412\"><a href=\"https:\/\/www.mediatewisconsin.org\/es\/sitemap\/\">Mapa del sitio<\/a><\/li>\n<li class=\"page_item page-item-89\"><a href=\"https:\/\/www.mediatewisconsin.org\/es\/application-for-mediation-tenant\/\">Inquilino - Solicitud de mediaci\u00f3n<\/a><\/li>\n<li class=\"page_item page-item-6\"><a href=\"https:\/\/www.mediatewisconsin.org\/es\/tenants\/\">Inquilinos<\/a><\/li>\n<li class=\"page_item page-item-185\"><a href=\"https:\/\/www.mediatewisconsin.org\/es\/western-district-of-wisconsin-bankruptcy\/\">Quiebra del Distrito Occidental de Wisconsin<\/a><\/li>\n<li class=\"page_item page-item-152\"><a href=\"https:\/\/www.mediatewisconsin.org\/es\/southwest-region\/\">Servicios de mediaci\u00f3n del oeste de Wisconsin<\/a><\/li>\n<li class=\"page_item page-item-17\"><a href=\"https:\/\/www.mediatewisconsin.org\/es\/\">\u00bfQu\u00e9 es la mediaci\u00f3n?<\/a><\/li>\n<li class=\"page_item page-item-145\"><a href=\"https:\/\/www.mediatewisconsin.org\/es\/east-central-region\/\">Centro de resoluci\u00f3n de conflictos de Winnebago<\/a><\/li>\n<\/ul>\n<h2 class=\"wsp-posts-title\">Publicaciones por categor\u00eda<\/h2>\n<ul class=\"wsp-posts-list\">\n\t<li><strong class=\"wsp-category-title\">Categor\u00eda: <a href=\"https:\/\/www.mediatewisconsin.org\/es\/category\/news\/\">Noticias<\/a><\/strong>\n<ul class=\"wsp-posts-list\">\t\t<li class=\"wsp-post\"><a href=\"https:\/\/www.mediatewisconsin.org\/es\/2020\/06\/24\/368\/\">A medida que aumentan los desalojos, as\u00ed es como las organizaciones de Milwaukee est\u00e1n haciendo lo que pueden para ayudar<\/a><\/li>\n\t\t<li class=\"wsp-post\"><a href=\"https:\/\/www.mediatewisconsin.org\/es\/2017\/08\/04\/milwaukee-mediation-clinic-helps-landlords-tenants-resolve-conflicts\/\">La Cl\u00ednica de Mediaci\u00f3n de Milwaukee ayuda a propietarios e inquilinos a resolver conflictos<\/a><\/li>\n\t\t<li class=\"wsp-post\"><a href=\"https:\/\/www.mediatewisconsin.org\/es\/2013\/04\/02\/wisconsin-program-helps-residents-at-risk-of-foreclosure\/\">El programa de Wisconsin ayuda a los residentes en riesgo de ejecuci\u00f3n hipotecaria<\/a><\/li>\n\t\t<li class=\"wsp-post\"><a href=\"https:\/\/www.mediatewisconsin.org\/es\/2013\/02\/26\/attorney-general-j-b-van-hollen-and-the-metro-milwaukee-foreclosure-mediation-program-announce-new-improved-process-for-homeowners-seeking-mediation-services\/\">El Procurador General JB Van Hollen y el Programa de Mediaci\u00f3n de Ejecuciones Hipotecarias de Metro Milwaukee anuncian un proceso nuevo y mejorado para propietarios de viviendas que buscan servicios de mediaci\u00f3n<\/a><\/li>\n<\/ul><\/li>\n<\/ul>\n<h2 class=\"wsp-bwl_advanced_faqs-title\">Todas las preguntas frecuentes<\/h2>\n<ul class=\"wsp-bwl_advanced_faqs-list\">\n<li><a href=\"https:\/\/www.mediatewisconsin.org\/es\/bwl-advanced-faq\/how-long-does-the-foreclosure-process-take\/\">\u00bfCu\u00e1nto tiempo toma el proceso de ejecuci\u00f3n hipotecaria?<\/a><\/li>\n<li><a href=\"https:\/\/www.mediatewisconsin.org\/es\/bwl-advanced-faq\/does-the-foreclosure-lawsuit-stop-during-the-mediation-process\/\">\u00bfSe detiene la demanda por ejecuci\u00f3n hipotecaria durante el proceso de mediaci\u00f3n?<\/a><\/li>\n<li><a href=\"https:\/\/www.mediatewisconsin.org\/es\/bwl-advanced-faq\/is-mediation-confidential\/\">\u00bfLa mediaci\u00f3n es confidencial?<\/a><\/li>\n<li><a href=\"https:\/\/www.mediatewisconsin.org\/es\/bwl-advanced-faq\/do-all-borrowers-who-signed-the-mortgage-have-to-attend-the-mediation-session\/\">\u00bfTodos los prestatarios que firmaron la hipoteca tienen que asistir a la sesi\u00f3n de mediaci\u00f3n?<\/a><\/li>\n<li><a href=\"https:\/\/www.mediatewisconsin.org\/es\/bwl-advanced-faq\/if-i-do-not-submit-documents-that-are-requested-do-i-risk-having-my-case-closed\/\">Si no presento los documentos solicitados, \u00bfcorro el riesgo de que se cierre mi caso?<\/a><\/li>\n<li><a href=\"https:\/\/www.mediatewisconsin.org\/es\/bwl-advanced-faq\/how-long-does-the-entire-mediation-process-take\/\">\u00bfCu\u00e1nto tiempo dura todo el proceso de mediaci\u00f3n?<\/a><\/li>\n<li><a href=\"https:\/\/www.mediatewisconsin.org\/es\/bwl-advanced-faq\/do-i-need-to-meet-with-a-housing-counselor-before-the-mediation\/\">\u00bfNecesito reunirme con un consejero de vivienda antes de la mediaci\u00f3n?<\/a><\/li>\n<li><a href=\"https:\/\/www.mediatewisconsin.org\/es\/bwl-advanced-faq\/i-am-interested-in-mediation-what-do-i-do-next\/\">Estoy interesado en la mediaci\u00f3n, \u00bfqu\u00e9 hago a continuaci\u00f3n?<\/a><\/li>\n<li><a href=\"https:\/\/www.mediatewisconsin.org\/es\/bwl-advanced-faq\/do-i-qualify-for-foreclosure-mediation\/\">\u00bfCalifico para la mediaci\u00f3n de ejecuci\u00f3n hipotecaria?<\/a><\/li>\n<li><a href=\"https:\/\/www.mediatewisconsin.org\/es\/bwl-advanced-faq\/who-are-the-mediators\/\">\u00bfQui\u00e9nes son los mediadores?<\/a><\/li>\n<li><a href=\"https:\/\/www.mediatewisconsin.org\/es\/bwl-advanced-faq\/do-i-need-a-lawyer-to-participate-in-the-mediation-program\/\">\u00bfNecesito un abogado para participar en el programa de mediaci\u00f3n?<\/a><\/li>\n<li><a href=\"https:\/\/www.mediatewisconsin.org\/es\/bwl-advanced-faq\/is-there-a-fee-for-mediation\/\">\u00bfHay alguna tarifa por la mediaci\u00f3n?<\/a><\/li>\n<li><a href=\"https:\/\/www.mediatewisconsin.org\/es\/bwl-advanced-faq\/what-is-the-wisconsin-foreclosure-mediation-network\/\">\u00bfQu\u00e9 es la Red de Mediaci\u00f3n de Ejecuciones Hipotecarias de Wisconsin?<\/a><\/li>\n<li><a href=\"https:\/\/www.mediatewisconsin.org\/es\/bwl-advanced-faq\/what-is-foreclosure-mediation-and-how-can-it-help-me\/\">\u00bfQu\u00e9 es la mediaci\u00f3n de ejecuci\u00f3n hipotecaria y c\u00f3mo puede ayudarme?<\/a><\/li>\n<\/ul>\n<h2 class=\"wsp-advanced_faq_categorys-title\">Categor\u00eda de preguntas frecuentes<\/h2>\n<ul class=\"wsp-advanced_faq_categorys-list\">\n<li><a href=\"https:\/\/www.mediatewisconsin.org\/es\/bwl-advanced-faq-category\/foreclosure-mediation\/\">Mediaci\u00f3n de ejecuci\u00f3n hipotecaria<\/a><\/li>\n<\/ul>\n<\/div>","protected":false},"excerpt":{"rendered":"","protected":false},"author":3,"featured_media":0,"parent":0,"menu_order":0,"comment_status":"closed","ping_status":"closed","template":"","meta":{"_acf_changed":false,"footnotes":""},"class_list":["post-412","page","type-page","status-publish","hentry"],"acf":[],"_links":{"self":[{"href":"https:\/\/www.mediatewisconsin.org\/es\/wp-json\/wp\/v2\/pages\/412","targetHints":{"allow":["GET"]}}],"collection":[{"href":"https:\/\/www.mediatewisconsin.org\/es\/wp-json\/wp\/v2\/pages"}],"about":[{"href":"https:\/\/www.mediatewisconsin.org\/es\/wp-json\/wp\/v2\/types\/page"}],"author":[{"embeddable":true,"href":"https:\/\/www.mediatewisconsin.org\/es\/wp-json\/wp\/v2\/users\/3"}],"replies":[{"embeddable":true,"href":"https:\/\/www.mediatewisconsin.org\/es\/wp-json\/wp\/v2\/comments?post=412"}],"version-history":[{"count":2,"href":"https:\/\/www.mediatewisconsin.org\/es\/wp-json\/wp\/v2\/pages\/412\/revisions"}],"predecessor-version":[{"id":503,"href":"https:\/\/www.mediatewisconsin.org\/es\/wp-json\/wp\/v2\/pages\/412\/revisions\/503"}],"wp:attachment":[{"href":"https:\/\/www.mediatewisconsin.org\/es\/wp-json\/wp\/v2\/media?parent=412"}],"curies":[{"name":"gracias","href":"https:\/\/api.w.org\/{rel}","templated":true}]}}