{"id":6,"date":"2020-04-08T07:53:48","date_gmt":"2020-04-08T07:53:48","guid":{"rendered":"https:\/\/development.towd.net\/mw\/?page_id=6"},"modified":"2020-10-06T03:56:29","modified_gmt":"2020-10-06T03:56:29","slug":"tenants","status":"publish","type":"page","link":"https:\/\/www.mediatewisconsin.org\/es\/tenants\/","title":{"rendered":"Inquilinos"},"content":{"rendered":"<p>\u00bfEs usted un inquilino que experimenta alguna de las siguientes situaciones con su arrendador?<\/p>\n<ul>\n<li>Amenaza de desalojo<\/li>\n<li>Falta de reparaciones de mantenimiento, plagas que no se tratan<\/li>\n<li>Incumplimiento de los t\u00e9rminos del contrato de arrendamiento<\/li>\n<li>Problemas de comunicaci\u00f3n<\/li>\n<\/ul>\n<p><a href=\"\/es\/application-for-mediation-tenant\/\"><button class=\"btn btn-mw btn-lg hidden-md hidden-sm hidden-xs\" type=\"button\">Aplica ya<\/button><\/a><br \/>\n<a href=\"https:\/\/forms.office.com\/Pages\/ResponsePage.aspx?id=SOtzYfXg0kmkNzodWX-inu5ADRxnZ9NIj_WDHRzATFhUOTZVRVRTNDFFQklPOEgzSlJYNUpXMEpKUy4u&embed=true\" target=\"_blank\" rel=\"noopener noreferrer\"><button class=\"btn btn-mw btn-lg visible-md visible-sm visible-xs\" type=\"button\">Aplica ya<\/button><\/a><\/p>\n<h2>\u00bfQu\u00e9 es la mediaci\u00f3n?<\/h2>\n<p>La mediaci\u00f3n es una reuni\u00f3n privada gratuita en la que los propietarios y los inquilinos trabajan con un mediador que les ayuda a encontrar soluciones a los problemas que tienen relacionados con el contrato de alquiler y \/ o la propiedad de alquiler.<\/p>\n<h3>\u00bfPor qu\u00e9 mediar?<\/h3>\n<ul>\n<li>Ahorrar tiempo<\/li>\n<li>Ahorrar dinero<\/li>\n<li>Evitar la cancha<\/li>\n<li>Decida su propia soluci\u00f3n<\/li>\n<\/ul>\n<h3>\u00bfCu\u00e1ndo deber\u00eda mediar?<\/h3>\n<p>Cuanto antes, mejor. Alentamos a los propietarios e inquilinos a mediar antes de que se presente una acci\u00f3n de desalojo para obtener los mayores beneficios de la mediaci\u00f3n. Sin embargo, puede mediar antes o despu\u00e9s de una presentaci\u00f3n para abordar estos desaf\u00edos y m\u00e1s.<\/p>\n<ul>\n<li>Pago de alquiler atrasado, pago tard\u00edo o parcial<\/li>\n<li>Mantenimiento, reparaciones, plagas<\/li>\n<li>Incumplimiento de los t\u00e9rminos del contrato de arrendamiento<\/li>\n<li>Problemas de comunicaci\u00f3n<\/li>\n<li>Comportamiento perturbador \/ llamadas al 911<\/li>\n<li>Dep\u00f3sito de seguridad \/ Pago por da\u00f1os<\/li>\n<\/ul>\n<h3>\u00bfD\u00f3nde se llevan a cabo las mediaciones?<\/h3>\n<p>Las mediaciones se llevan a cabo uno a uno con el mediador por tel\u00e9fono. Esto se denomina &quot;mediaci\u00f3n de lanzadera&quot;, en la que el mediador intercambia informaci\u00f3n entre las partes. Ocasionalmente, el mediador puede optar por realizar una mediaci\u00f3n telef\u00f3nica de tres v\u00edas con usted y el propietario o administrador de la propiedad, si el mediador cree que ser\u00eda \u00fatil para abrir l\u00edneas de comunicaci\u00f3n y llegar a una soluci\u00f3n aceptable.<\/p>\n<h3>\u00bfQui\u00e9nes son los mediadores?<\/h3>\n<ul>\n<li>Nuestros mediadores son profesionales capacitados con un conocimiento de las regulaciones entre propietarios e inquilinos.<\/li>\n<li>Nuestros mediadores son neutrales, lo que significa que no juzgan ni deciden por las partes lo que deben hacer.<\/li>\n<li>Nuestros mediadores trabajan para ayudar a las partes a entenderse y encontrar soluciones a los problemas que est\u00e1n teniendo.<\/li>\n<\/ul>\n<p><a href=\"\/es\/application-for-mediation-tenant\/\"><button class=\"btn btn-mw btn-lg hidden-md hidden-sm hidden-xs\" type=\"button\">Aplica ya<\/button><\/a><br \/>\n<a href=\"https:\/\/forms.office.com\/Pages\/ResponsePage.aspx?id=SOtzYfXg0kmkNzodWX-inu5ADRxnZ9NIj_WDHRzATFhUOTZVRVRTNDFFQklPOEgzSlJYNUpXMEpKUy4u&embed=true\" target=\"_blank\" rel=\"noopener noreferrer\"><button class=\"btn btn-mw btn-lg visible-md visible-sm visible-xs\" type=\"button\">Aplica ya<\/button><\/a><\/p>","protected":false},"excerpt":{"rendered":"<p>\u00bfEs usted un inquilino que experimenta alguna de las siguientes situaciones con su arrendador? Amenaza de desalojo Falta de reparaciones de mantenimiento, \u2026<\/p>","protected":false},"author":3,"featured_media":0,"parent":0,"menu_order":0,"comment_status":"closed","ping_status":"closed","template":"","meta":{"_acf_changed":false,"footnotes":""},"class_list":["post-6","page","type-page","status-publish","hentry"],"acf":[],"_links":{"self":[{"href":"https:\/\/www.mediatewisconsin.org\/es\/wp-json\/wp\/v2\/pages\/6","targetHints":{"allow":["GET"]}}],"collection":[{"href":"https:\/\/www.mediatewisconsin.org\/es\/wp-json\/wp\/v2\/pages"}],"about":[{"href":"https:\/\/www.mediatewisconsin.org\/es\/wp-json\/wp\/v2\/types\/page"}],"author":[{"embeddable":true,"href":"https:\/\/www.mediatewisconsin.org\/es\/wp-json\/wp\/v2\/users\/3"}],"replies":[{"embeddable":true,"href":"https:\/\/www.mediatewisconsin.org\/es\/wp-json\/wp\/v2\/comments?post=6"}],"version-history":[{"count":15,"href":"https:\/\/www.mediatewisconsin.org\/es\/wp-json\/wp\/v2\/pages\/6\/revisions"}],"predecessor-version":[{"id":443,"href":"https:\/\/www.mediatewisconsin.org\/es\/wp-json\/wp\/v2\/pages\/6\/revisions\/443"}],"wp:attachment":[{"href":"https:\/\/www.mediatewisconsin.org\/es\/wp-json\/wp\/v2\/media?parent=6"}],"curies":[{"name":"gracias","href":"https:\/\/api.w.org\/{rel}","templated":true}]}}